{"id":1437,"date":"2024-11-23T10:33:15","date_gmt":"2024-11-23T10:33:15","guid":{"rendered":"https:\/\/www.mercangomlekleri.com.tr\/?post_type=product&#038;p=1437"},"modified":"2024-11-23T10:33:15","modified_gmt":"2024-11-23T10:33:15","slug":"yuzde-yuz-pamuk-menanj-gomlek-15","status":"publish","type":"product","link":"https:\/\/www.mercangomlekleri.com.tr\/?product=yuzde-yuz-pamuk-menanj-gomlek-15","title":{"rendered":"Y\u00dcZDE Y\u00dcZ PAMUK MENANJ G\u00d6MLEK"},"content":{"rendered":"","protected":false},"excerpt":{"rendered":"","protected":false},"featured_media":1314,"comment_status":"open","ping_status":"closed","template":"","meta":{"om_disable_all_campaigns":false,"_monsterinsights_skip_tracking":false,"_monsterinsights_sitenote_active":false,"_monsterinsights_sitenote_note":"","_monsterinsights_sitenote_category":0},"product_brand":[],"product_cat":[48,60],"product_tag":[69,76,75],"class_list":{"0":"post-1437","1":"product","2":"type-product","3":"status-publish","4":"has-post-thumbnail","6":"product_cat-kislik","7":"product_cat-pamuk-menanj","8":"product_tag-gomlek","9":"product_tag-menanj","10":"product_tag-pamuklu","11":"pa_beden-larj","12":"pa_beden-midyum","13":"pa_beden-smol","14":"pa_beden-xlarj","16":"first","17":"instock","18":"taxable","19":"shipping-taxable","20":"purchasable","21":"product-type-variable","22":"add-to-wishlist-after_add_to_cart"},"aioseo_notices":[],"_links":{"self":[{"href":"https:\/\/www.mercangomlekleri.com.tr\/index.php?rest_route=\/wp\/v2\/product\/1437","targetHints":{"allow":["GET"]}}],"collection":[{"href":"https:\/\/www.mercangomlekleri.com.tr\/index.php?rest_route=\/wp\/v2\/product"}],"about":[{"href":"https:\/\/www.mercangomlekleri.com.tr\/index.php?rest_route=\/wp\/v2\/types\/product"}],"replies":[{"embeddable":true,"href":"https:\/\/www.mercangomlekleri.com.tr\/index.php?rest_route=%2Fwp%2Fv2%2Fcomments&post=1437"}],"wp:featuredmedia":[{"embeddable":true,"href":"https:\/\/www.mercangomlekleri.com.tr\/index.php?rest_route=\/wp\/v2\/media\/1314"}],"wp:attachment":[{"href":"https:\/\/www.mercangomlekleri.com.tr\/index.php?rest_route=%2Fwp%2Fv2%2Fmedia&parent=1437"}],"wp:term":[{"taxonomy":"product_brand","embeddable":true,"href":"https:\/\/www.mercangomlekleri.com.tr\/index.php?rest_route=%2Fwp%2Fv2%2Fproduct_brand&post=1437"},{"taxonomy":"product_cat","embeddable":true,"href":"https:\/\/www.mercangomlekleri.com.tr\/index.php?rest_route=%2Fwp%2Fv2%2Fproduct_cat&post=1437"},{"taxonomy":"product_tag","embeddable":true,"href":"https:\/\/www.mercangomlekleri.com.tr\/index.php?rest_route=%2Fwp%2Fv2%2Fproduct_tag&post=1437"}],"curies":[{"name":"wp","href":"https:\/\/api.w.org\/{rel}","templated":true}]}}